{"id":47,"date":"2015-09-02T15:47:36","date_gmt":"2015-09-02T15:47:36","guid":{"rendered":"http:\/\/enniscorthy1916.ie\/?page_id=47"},"modified":"2016-05-11T14:06:24","modified_gmt":"2016-05-11T13:06:24","slug":"cultural-expression","status":"publish","type":"page","link":"https:\/\/enniscorthy1916.ie\/?page_id=47","title":{"rendered":"Cultural Expression"},"content":{"rendered":"<h2>Reflect on our past, our present and our future<\/h2>\n<p>Working with our creative community, our National Cultural Institutions and other arts organisations, to reflect on our past, our present and our future, with a focus on 1916.<\/p>\n<table style=\"height: 1687px;\" width=\"655\">\n<tbody>\n<tr>\n<td width=\"293\"><em>Project<\/em><\/td>\n<td width=\"159\"><em>Location<\/em><\/td>\n<td width=\"109\"><em>Date<\/em><\/td>\n<\/tr>\n<tr>\n<td width=\"323\"><strong>Reading\u00a0the Rising<\/strong> \u2013 Historical workshops looking at\u00a0the literature of 1916 by Ciara L. Murphy, NUIG.<\/td>\n<td width=\"179\">Wexford and Enniscorthy Libraries, Co. Wexford.<\/td>\n<td width=\"129\">26 August, 17 October, 7 &amp; 28 November 2015<\/td>\n<\/tr>\n<tr>\n<td width=\"323\"><strong>&#8216;Easter\u00a01916: An examination of its\u00a0literature&#8217;<\/strong>\u00a0by Marie Duffin, MA.<\/td>\n<td width=\"179\">Gorey and Enniscorthy Libraries, Co. Wexford.<\/td>\n<td width=\"129\">6 &amp; 20 October, 3 &amp; 17 November 2015<\/td>\n<\/tr>\n<tr>\n<td width=\"326\"><strong>Cherish the Children: A New Year\u2019s Day choral concert <\/strong>involving choirs from all over the county and including the debut of a commissioned 1916 choral piece.<\/td>\n<td width=\"175\">St. Aidan\u2019s Cathedral, Enniscorthy, Co. Wexford.<\/p>\n<p>CDs available.<\/p>\n<p><a href=\"http:\/\/enniscorthy1916.ie\/?page_id=218\"><span style=\"color: #0066cc;\">www.enniscorthy1916.ie<\/span><\/a><\/td>\n<td width=\"129\">Friday, 1<span style=\"font-size: 12.75px; line-height: 0px;\">\u00a0<\/span>January 2016<\/td>\n<\/tr>\n<tr>\n<td width=\"326\"><strong>Reimagining Ireland<\/strong> \u2013 1916 Commemorative Creative Writing Workshops with Dr Derek Coyle, Carlow College.<\/td>\n<td width=\"175\">Bunclody Library, Bunclody, Co. Wexford.<\/td>\n<td width=\"129\">Saturday 27 February &amp; Saturday 12\u00a0March 2016, 2:30pm<\/td>\n<\/tr>\n<tr>\n<td width=\"326\">Publication of a <strong>Commemorative Poem<\/strong> <strong>by Wexford poet, Anthony Cronin<\/strong>. The commissioned poem will be published in March 2016 and read in public during the ceremonies on Easter Monday, 28<sup>th<\/sup> March.<\/td>\n<td width=\"175\">Enniscorthy, Co. Wexford.<\/td>\n<td width=\"129\">Tuesday, 1 March 2016<\/td>\n<\/tr>\n<tr>\n<td width=\"326\"><strong>Commemorative Concert<\/strong> comprising music and readings by Gorey Choral Group and guests under musical director Eithne Corrigan.<\/td>\n<td width=\"175\">Gorey Library, Gorey, Co. Wexford.<\/td>\n<td width=\"129\">Saturday, 12 March 2016, 3:00pm<\/td>\n<\/tr>\n<tr>\n<td width=\"326\"><em><strong>Macalla 1916\u00a0<\/strong><\/em>&#8211;\u00a0A new suite of music composed by Michael Rooney, presented and performed by Comhaltas Ceolt\u00f3ir\u00ed \u00c9ireann.<\/td>\n<td width=\"175\">National Opera House, Wexford.<\/td>\n<td width=\"129\">Easter Monday, 28 March 2016, 8:00pm<\/td>\n<\/tr>\n<tr>\n<td width=\"326\">Award winning production of <a href=\"http:\/\/www.thenewtheatre.com\/tnt_php\/scripts\/page\/show.php?show_id=203&amp;\" target=\"_blank\"><em><strong>Madame de Markievicz on\u00a0Trial<\/strong><\/em> in association with New Theatre<\/a><\/td>\n<td width=\"175\"><a href=\"http:\/\/www.wexfordartscentre.ie\/\" target=\"_blank\">Wexford Arts Centre<\/a>, Cornmarket, Wexford, Co. Wexford.<\/td>\n<td width=\"129\">Weds., 30 March 2016, 8:00pm<\/td>\n<\/tr>\n<tr>\n<td width=\"323\"><strong>&#8216;Molly&#8217;s Diary: The Easter Rising 1916&#8217;<\/strong> &#8211; Discussion with children\u2019s author Patricia Murphy. Contact your local library for details.<\/td>\n<td width=\"179\">All libraries, Co. Wexford.<\/td>\n<td width=\"129\">5 &amp; 6 April, 2016<\/td>\n<\/tr>\n<tr>\n<td width=\"323\"><strong>Ceil\u00ed and Set Dancing<\/strong> afternoon held by Oylegate ICA.<\/td>\n<td width=\"179\">Oylegate Community Centre, Oylegate, Co. Wexford.<\/td>\n<td width=\"129\">Sunday, 24 April 2016, 3:00pm<\/td>\n<\/tr>\n<tr>\n<td width=\"326\"><strong>1916 oral history recordings of\u00a0descendants of the Volunteers\u00a0and Cumann na mBan will be\u00a0presented to interviewees.<\/strong> The\u00a0recordings will be available to\u00a0podcast from ww.enniscorthy1916.<br \/>\nie and www.wexford.ie\/library<\/td>\n<td width=\"175\">Enniscorthy Library, Enniscorthy Co. Wexford.<br \/>\nCD\u2019s available.<br \/>\n<a href=\"http:\/\/www.enniscorthy1916.ie\">www.enniscorthy1916.ie<\/a><\/td>\n<td width=\"129\">Thursday, 28 April 2016, 7:00pm<\/td>\n<\/tr>\n<tr>\n<td width=\"323\">Debut of\u00a0<em><strong>A<\/strong><\/em><strong><em>\u00a0Night on the Hill<\/em><\/strong>,\u00a0the new play by Paul O&#8217;Reilly set in Enniscorthy in the aftermath of the Rising.<\/td>\n<td width=\"179\">The Athenaeum, Enniscorthy, Co. Wexford.<\/td>\n<td width=\"129\">5 &#8211; 8 May 2016, 8:00pm<\/td>\n<\/tr>\n<tr>\n<td width=\"323\"><em><strong>Blood on the Rose<\/strong><\/em> &#8211;\u00a0A recitation of 1916-inspired poems and songs in English and Irish from Everlasting Voices.<\/td>\n<td width=\"179\">Enniscorthy Library, Enniscorthy, Co. Wexford.<\/td>\n<td width=\"129\">Thursday, 12 May 2016, 7:00pm<\/td>\n<\/tr>\n<tr>\n<td width=\"326\"><strong>The 1916 Song Project<\/strong>\u00a0is a research and performance project devised and produced by\u00a0Michael Fortune\u00a0and\u00a0Aileen Lambert. The project features ten traditional singers from throughout the island of Ireland who will research, compose and present a body of traditional songs based on the\u00a01916 Easter Rising\u00a0and the events surrounding it.<\/td>\n<td width=\"175\">The Athenaeum, Enniscorthy,<br \/>\nCo. Wexford.\u00a0<a href=\"http:\/\/www.the1916songproject.com\" target=\"_blank\">1916 Song Project<\/a><\/td>\n<td width=\"129\">Saturday, 14 May 2016, 8:00pm<\/td>\n<\/tr>\n<tr>\n<td width=\"326\"><strong>Children of the Revolution<\/strong>\u00a0is a national research and performance project devised and produced by Michael Fortune and Aileen Lambert with the support of The National Library of Ireland and various local authorities. This project will feature an ensemble of traditional musicians and singers from throughout the island, many with strong Wexford connections who are direct descendants of people involved in The 1916 Rising.<\/td>\n<td width=\"175\">The Presentation Centre, Enniscorthy, Co. Wexford.<\/td>\n<td width=\"129\">4th Quarter, 2016.<\/td>\n<\/tr>\n<\/tbody>\n<\/table>\n<a class=\"synved-social-button synved-social-button-share synved-social-size-48 synved-social-resolution-single synved-social-provider-facebook nolightbox\" data-provider=\"facebook\" target=\"_blank\" rel=\"nofollow\" title=\"Share on Facebook\" href=\"https:\/\/www.facebook.com\/sharer.php?u=https%3A%2F%2Fenniscorthy1916.ie%2Findex.php%3Frest_route%3D%252Fwp%252Fv2%252Fpages%252F47&#038;t=Cultural%20Expression&#038;s=100&#038;p&#091;url&#093;=https%3A%2F%2Fenniscorthy1916.ie%2Findex.php%3Frest_route%3D%252Fwp%252Fv2%252Fpages%252F47&#038;p&#091;images&#093;&#091;0&#093;=https%3A%2F%2Fenniscorthy1916.ie%2Fwp-content%2Fuploads%2F2015%2F09%2FCultural.png&#038;p&#091;title&#093;=Cultural%20Expression\" style=\"font-size: 0px;width:48px;height:48px;margin:0;margin-bottom:5px;margin-right:5px\"><img loading=\"lazy\" decoding=\"async\" alt=\"Facebook\" title=\"Share on Facebook\" class=\"synved-share-image synved-social-image synved-social-image-share\" width=\"48\" height=\"48\" style=\"display: inline;width:48px;height:48px;margin: 0;padding: 0;border: none;box-shadow: none\" src=\"https:\/\/enniscorthy1916.ie\/wp-content\/plugins\/social-media-feather\/synved-social\/image\/social\/regular\/96x96\/facebook.png\" \/><\/a><a class=\"synved-social-button synved-social-button-share synved-social-size-48 synved-social-resolution-single synved-social-provider-twitter nolightbox\" data-provider=\"twitter\" target=\"_blank\" rel=\"nofollow\" title=\"Share on Twitter\" href=\"https:\/\/twitter.com\/intent\/tweet?url=https%3A%2F%2Fenniscorthy1916.ie%2Findex.php%3Frest_route%3D%252Fwp%252Fv2%252Fpages%252F47&#038;text=Hey%20check%20this%20out\" style=\"font-size: 0px;width:48px;height:48px;margin:0;margin-bottom:5px;margin-right:5px\"><img loading=\"lazy\" decoding=\"async\" alt=\"twitter\" title=\"Share on Twitter\" class=\"synved-share-image synved-social-image synved-social-image-share\" width=\"48\" height=\"48\" style=\"display: inline;width:48px;height:48px;margin: 0;padding: 0;border: none;box-shadow: none\" src=\"https:\/\/enniscorthy1916.ie\/wp-content\/plugins\/social-media-feather\/synved-social\/image\/social\/regular\/96x96\/twitter.png\" \/><\/a><a class=\"synved-social-button synved-social-button-share synved-social-size-48 synved-social-resolution-single synved-social-provider-reddit nolightbox\" data-provider=\"reddit\" target=\"_blank\" rel=\"nofollow\" title=\"Share on Reddit\" href=\"https:\/\/www.reddit.com\/submit?url=https%3A%2F%2Fenniscorthy1916.ie%2Findex.php%3Frest_route%3D%252Fwp%252Fv2%252Fpages%252F47&#038;title=Cultural%20Expression\" style=\"font-size: 0px;width:48px;height:48px;margin:0;margin-bottom:5px;margin-right:5px\"><img loading=\"lazy\" decoding=\"async\" alt=\"reddit\" title=\"Share on Reddit\" class=\"synved-share-image synved-social-image synved-social-image-share\" width=\"48\" height=\"48\" style=\"display: inline;width:48px;height:48px;margin: 0;padding: 0;border: none;box-shadow: none\" src=\"https:\/\/enniscorthy1916.ie\/wp-content\/plugins\/social-media-feather\/synved-social\/image\/social\/regular\/96x96\/reddit.png\" \/><\/a><a class=\"synved-social-button synved-social-button-share synved-social-size-48 synved-social-resolution-single synved-social-provider-pinterest nolightbox\" data-provider=\"pinterest\" target=\"_blank\" rel=\"nofollow\" title=\"Pin it with Pinterest\" href=\"https:\/\/pinterest.com\/pin\/create\/button\/?url=https%3A%2F%2Fenniscorthy1916.ie%2Findex.php%3Frest_route%3D%252Fwp%252Fv2%252Fpages%252F47&#038;media=https%3A%2F%2Fenniscorthy1916.ie%2Fwp-content%2Fuploads%2F2015%2F09%2FCultural.png&#038;description=Cultural%20Expression\" style=\"font-size: 0px;width:48px;height:48px;margin:0;margin-bottom:5px;margin-right:5px\"><img loading=\"lazy\" decoding=\"async\" alt=\"pinterest\" title=\"Pin it with Pinterest\" class=\"synved-share-image synved-social-image synved-social-image-share\" width=\"48\" height=\"48\" style=\"display: inline;width:48px;height:48px;margin: 0;padding: 0;border: none;box-shadow: none\" src=\"https:\/\/enniscorthy1916.ie\/wp-content\/plugins\/social-media-feather\/synved-social\/image\/social\/regular\/96x96\/pinterest.png\" \/><\/a><a class=\"synved-social-button synved-social-button-share synved-social-size-48 synved-social-resolution-single synved-social-provider-linkedin nolightbox\" data-provider=\"linkedin\" target=\"_blank\" rel=\"nofollow\" title=\"Share on Linkedin\" href=\"https:\/\/www.linkedin.com\/shareArticle?mini=true&#038;url=https%3A%2F%2Fenniscorthy1916.ie%2Findex.php%3Frest_route%3D%252Fwp%252Fv2%252Fpages%252F47&#038;title=Cultural%20Expression\" style=\"font-size: 0px;width:48px;height:48px;margin:0;margin-bottom:5px;margin-right:5px\"><img loading=\"lazy\" decoding=\"async\" alt=\"linkedin\" title=\"Share on Linkedin\" class=\"synved-share-image synved-social-image synved-social-image-share\" width=\"48\" height=\"48\" style=\"display: inline;width:48px;height:48px;margin: 0;padding: 0;border: none;box-shadow: none\" src=\"https:\/\/enniscorthy1916.ie\/wp-content\/plugins\/social-media-feather\/synved-social\/image\/social\/regular\/96x96\/linkedin.png\" \/><\/a><a class=\"synved-social-button synved-social-button-share synved-social-size-48 synved-social-resolution-single synved-social-provider-mail nolightbox\" data-provider=\"mail\" rel=\"nofollow\" title=\"Share by email\" href=\"mailto:?subject=Cultural%20Expression&#038;body=Hey%20check%20this%20out:%20https%3A%2F%2Fenniscorthy1916.ie%2Findex.php%3Frest_route%3D%252Fwp%252Fv2%252Fpages%252F47\" style=\"font-size: 0px;width:48px;height:48px;margin:0;margin-bottom:5px\"><img loading=\"lazy\" decoding=\"async\" alt=\"mail\" title=\"Share by email\" class=\"synved-share-image synved-social-image synved-social-image-share\" width=\"48\" height=\"48\" style=\"display: inline;width:48px;height:48px;margin: 0;padding: 0;border: none;box-shadow: none\" src=\"https:\/\/enniscorthy1916.ie\/wp-content\/plugins\/social-media-feather\/synved-social\/image\/social\/regular\/96x96\/mail.png\" \/><\/a>","protected":false},"excerpt":{"rendered":"<p>Reflect on our past, our present and our future Working with our creative community, our National Cultural Institutions and other arts organisations, to reflect on our past, our present and our future, with a focus on 1916. Project Location Date Reading\u00a0the Rising \u2013 Historical workshops looking at\u00a0the literature of 1916 by Ciara L. Murphy, NUIG. &hellip; <a href=\"https:\/\/enniscorthy1916.ie\/?page_id=47\" class=\"more-link\">Continue reading <span class=\"screen-reader-text\">Cultural Expression<\/span><\/a><\/p>\n","protected":false},"author":1,"featured_media":30,"parent":25,"menu_order":4,"comment_status":"closed","ping_status":"closed","template":"","meta":{"footnotes":""},"class_list":["post-47","page","type-page","status-publish","has-post-thumbnail","hentry"],"_links":{"self":[{"href":"https:\/\/enniscorthy1916.ie\/index.php?rest_route=\/wp\/v2\/pages\/47","targetHints":{"allow":["GET"]}}],"collection":[{"href":"https:\/\/enniscorthy1916.ie\/index.php?rest_route=\/wp\/v2\/pages"}],"about":[{"href":"https:\/\/enniscorthy1916.ie\/index.php?rest_route=\/wp\/v2\/types\/page"}],"author":[{"embeddable":true,"href":"https:\/\/enniscorthy1916.ie\/index.php?rest_route=\/wp\/v2\/users\/1"}],"replies":[{"embeddable":true,"href":"https:\/\/enniscorthy1916.ie\/index.php?rest_route=%2Fwp%2Fv2%2Fcomments&post=47"}],"version-history":[{"count":36,"href":"https:\/\/enniscorthy1916.ie\/index.php?rest_route=\/wp\/v2\/pages\/47\/revisions"}],"predecessor-version":[{"id":769,"href":"https:\/\/enniscorthy1916.ie\/index.php?rest_route=\/wp\/v2\/pages\/47\/revisions\/769"}],"up":[{"embeddable":true,"href":"https:\/\/enniscorthy1916.ie\/index.php?rest_route=\/wp\/v2\/pages\/25"}],"wp:featuredmedia":[{"embeddable":true,"href":"https:\/\/enniscorthy1916.ie\/index.php?rest_route=\/wp\/v2\/media\/30"}],"wp:attachment":[{"href":"https:\/\/enniscorthy1916.ie\/index.php?rest_route=%2Fwp%2Fv2%2Fmedia&parent=47"}],"curies":[{"name":"wp","href":"https:\/\/api.w.org\/{rel}","templated":true}]}}