{"id":259,"date":"2016-01-22T17:34:07","date_gmt":"2016-01-22T17:34:07","guid":{"rendered":"http:\/\/enniscorthy1916.ie\/?page_id=259"},"modified":"2016-01-22T17:34:07","modified_gmt":"2016-01-22T17:34:07","slug":"sean-etchingham","status":"publish","type":"page","link":"https:\/\/enniscorthy1916.ie\/?page_id=259","title":{"rendered":"Se\u00e1n Etchingham"},"content":{"rendered":"<p>Etchingham was born at Ballintray, close to Courtown Harbour in 1870. Prior to the Rising, he became a journalist with The Echo newspaper. He was an active member of the GAA and was Chairman of Wexford county board on two occasions, 1902-1904 and 1919-1922. He was heavily involved with the Rising in Enniscorthy. He joined the 3rd Battalion of the North Wexford Brigade, and became a captain. He was one of two Enniscorthy officers that were escorted to Dublin to receive the official surrender order from Pearse. He was courtmartialled in Kilmainham jail, where he was sentenced to death. This was later changed to a sentence of penal servitude. He was imprisoned in both Dartmoor and Lewes prisons and released in 1917. He was re-imprisoned in 1918 for his role in what was called the \u2018German Plot\u2019, which aimed to get German support for the rebels in Ireland, and attempting to import weapons. He was imprisoned in Lincoln jail in England, along with future president of Ireland, \u00c9amonn de Valera, who looked after Etchingham when he became ill in prison. Etchingham was elected as a Sinn F\u00e9in M.P. in the 1918 General Election and as a Teachta D\u00e1la (T.D.) for Wicklow East and Wexford during the years of 1918 to 1922. He became the first Director for Fisheries in 1919 until 1921, then Secretary for Fisheries from 1921 to 1922. He supported the anti-Treaty side during the Civil War, and was arrested and put in prison in 1923. He died due to ill health on 23 April 1923, at Courtown Harbour, and was buried at Ardamine Cemetery.<\/p>\n<a class=\"synved-social-button synved-social-button-share synved-social-size-48 synved-social-resolution-single synved-social-provider-facebook nolightbox\" data-provider=\"facebook\" target=\"_blank\" rel=\"nofollow\" title=\"Share on Facebook\" href=\"https:\/\/www.facebook.com\/sharer.php?u=https%3A%2F%2Fenniscorthy1916.ie%2Findex.php%3Frest_route%3D%252Fwp%252Fv2%252Fpages%252F259&#038;t=Se%C3%A1n%20Etchingham&#038;s=100&#038;p&#091;url&#093;=https%3A%2F%2Fenniscorthy1916.ie%2Findex.php%3Frest_route%3D%252Fwp%252Fv2%252Fpages%252F259&#038;p&#091;images&#093;&#091;0&#093;=&#038;p&#091;title&#093;=Se%C3%A1n%20Etchingham\" style=\"font-size: 0px;width:48px;height:48px;margin:0;margin-bottom:5px;margin-right:5px\"><img loading=\"lazy\" decoding=\"async\" alt=\"Facebook\" title=\"Share on Facebook\" class=\"synved-share-image synved-social-image synved-social-image-share\" width=\"48\" height=\"48\" style=\"display: inline;width:48px;height:48px;margin: 0;padding: 0;border: none;box-shadow: none\" src=\"https:\/\/enniscorthy1916.ie\/wp-content\/plugins\/social-media-feather\/synved-social\/image\/social\/regular\/96x96\/facebook.png\" \/><\/a><a class=\"synved-social-button synved-social-button-share synved-social-size-48 synved-social-resolution-single synved-social-provider-twitter nolightbox\" data-provider=\"twitter\" target=\"_blank\" rel=\"nofollow\" title=\"Share on Twitter\" href=\"https:\/\/twitter.com\/intent\/tweet?url=https%3A%2F%2Fenniscorthy1916.ie%2Findex.php%3Frest_route%3D%252Fwp%252Fv2%252Fpages%252F259&#038;text=Hey%20check%20this%20out\" style=\"font-size: 0px;width:48px;height:48px;margin:0;margin-bottom:5px;margin-right:5px\"><img loading=\"lazy\" decoding=\"async\" alt=\"twitter\" title=\"Share on Twitter\" class=\"synved-share-image synved-social-image synved-social-image-share\" width=\"48\" height=\"48\" style=\"display: inline;width:48px;height:48px;margin: 0;padding: 0;border: none;box-shadow: none\" src=\"https:\/\/enniscorthy1916.ie\/wp-content\/plugins\/social-media-feather\/synved-social\/image\/social\/regular\/96x96\/twitter.png\" \/><\/a><a class=\"synved-social-button synved-social-button-share synved-social-size-48 synved-social-resolution-single synved-social-provider-reddit nolightbox\" data-provider=\"reddit\" target=\"_blank\" rel=\"nofollow\" title=\"Share on Reddit\" href=\"https:\/\/www.reddit.com\/submit?url=https%3A%2F%2Fenniscorthy1916.ie%2Findex.php%3Frest_route%3D%252Fwp%252Fv2%252Fpages%252F259&#038;title=Se%C3%A1n%20Etchingham\" style=\"font-size: 0px;width:48px;height:48px;margin:0;margin-bottom:5px;margin-right:5px\"><img loading=\"lazy\" decoding=\"async\" alt=\"reddit\" title=\"Share on Reddit\" class=\"synved-share-image synved-social-image synved-social-image-share\" width=\"48\" height=\"48\" style=\"display: inline;width:48px;height:48px;margin: 0;padding: 0;border: none;box-shadow: none\" src=\"https:\/\/enniscorthy1916.ie\/wp-content\/plugins\/social-media-feather\/synved-social\/image\/social\/regular\/96x96\/reddit.png\" \/><\/a><a class=\"synved-social-button synved-social-button-share synved-social-size-48 synved-social-resolution-single synved-social-provider-pinterest nolightbox\" data-provider=\"pinterest\" target=\"_blank\" rel=\"nofollow\" title=\"Pin it with Pinterest\" href=\"https:\/\/pinterest.com\/pin\/create\/button\/?url=https%3A%2F%2Fenniscorthy1916.ie%2Findex.php%3Frest_route%3D%252Fwp%252Fv2%252Fpages%252F259&#038;media=&#038;description=Se%C3%A1n%20Etchingham\" style=\"font-size: 0px;width:48px;height:48px;margin:0;margin-bottom:5px;margin-right:5px\"><img loading=\"lazy\" decoding=\"async\" alt=\"pinterest\" title=\"Pin it with Pinterest\" class=\"synved-share-image synved-social-image synved-social-image-share\" width=\"48\" height=\"48\" style=\"display: inline;width:48px;height:48px;margin: 0;padding: 0;border: none;box-shadow: none\" src=\"https:\/\/enniscorthy1916.ie\/wp-content\/plugins\/social-media-feather\/synved-social\/image\/social\/regular\/96x96\/pinterest.png\" \/><\/a><a class=\"synved-social-button synved-social-button-share synved-social-size-48 synved-social-resolution-single synved-social-provider-linkedin nolightbox\" data-provider=\"linkedin\" target=\"_blank\" rel=\"nofollow\" title=\"Share on Linkedin\" href=\"https:\/\/www.linkedin.com\/shareArticle?mini=true&#038;url=https%3A%2F%2Fenniscorthy1916.ie%2Findex.php%3Frest_route%3D%252Fwp%252Fv2%252Fpages%252F259&#038;title=Se%C3%A1n%20Etchingham\" style=\"font-size: 0px;width:48px;height:48px;margin:0;margin-bottom:5px;margin-right:5px\"><img loading=\"lazy\" decoding=\"async\" alt=\"linkedin\" title=\"Share on Linkedin\" class=\"synved-share-image synved-social-image synved-social-image-share\" width=\"48\" height=\"48\" style=\"display: inline;width:48px;height:48px;margin: 0;padding: 0;border: none;box-shadow: none\" src=\"https:\/\/enniscorthy1916.ie\/wp-content\/plugins\/social-media-feather\/synved-social\/image\/social\/regular\/96x96\/linkedin.png\" \/><\/a><a class=\"synved-social-button synved-social-button-share synved-social-size-48 synved-social-resolution-single synved-social-provider-mail nolightbox\" data-provider=\"mail\" rel=\"nofollow\" title=\"Share by email\" href=\"mailto:?subject=Se%C3%A1n%20Etchingham&#038;body=Hey%20check%20this%20out:%20https%3A%2F%2Fenniscorthy1916.ie%2Findex.php%3Frest_route%3D%252Fwp%252Fv2%252Fpages%252F259\" style=\"font-size: 0px;width:48px;height:48px;margin:0;margin-bottom:5px\"><img loading=\"lazy\" decoding=\"async\" alt=\"mail\" title=\"Share by email\" class=\"synved-share-image synved-social-image synved-social-image-share\" width=\"48\" height=\"48\" style=\"display: inline;width:48px;height:48px;margin: 0;padding: 0;border: none;box-shadow: none\" src=\"https:\/\/enniscorthy1916.ie\/wp-content\/plugins\/social-media-feather\/synved-social\/image\/social\/regular\/96x96\/mail.png\" \/><\/a>","protected":false},"excerpt":{"rendered":"<p>Etchingham was born at Ballintray, close to Courtown Harbour in 1870. Prior to the Rising, he became a journalist with The Echo newspaper. He was an active member of the GAA and was Chairman of Wexford county board on two occasions, 1902-1904 and 1919-1922. He was heavily involved with the Rising in Enniscorthy. He joined &hellip; <a href=\"https:\/\/enniscorthy1916.ie\/?page_id=259\" class=\"more-link\">Continue reading <span class=\"screen-reader-text\">Se\u00e1n Etchingham<\/span><\/a><\/p>\n","protected":false},"author":1,"featured_media":0,"parent":248,"menu_order":0,"comment_status":"closed","ping_status":"closed","template":"","meta":{"footnotes":""},"class_list":["post-259","page","type-page","status-publish","hentry"],"_links":{"self":[{"href":"https:\/\/enniscorthy1916.ie\/index.php?rest_route=\/wp\/v2\/pages\/259","targetHints":{"allow":["GET"]}}],"collection":[{"href":"https:\/\/enniscorthy1916.ie\/index.php?rest_route=\/wp\/v2\/pages"}],"about":[{"href":"https:\/\/enniscorthy1916.ie\/index.php?rest_route=\/wp\/v2\/types\/page"}],"author":[{"embeddable":true,"href":"https:\/\/enniscorthy1916.ie\/index.php?rest_route=\/wp\/v2\/users\/1"}],"replies":[{"embeddable":true,"href":"https:\/\/enniscorthy1916.ie\/index.php?rest_route=%2Fwp%2Fv2%2Fcomments&post=259"}],"version-history":[{"count":1,"href":"https:\/\/enniscorthy1916.ie\/index.php?rest_route=\/wp\/v2\/pages\/259\/revisions"}],"predecessor-version":[{"id":260,"href":"https:\/\/enniscorthy1916.ie\/index.php?rest_route=\/wp\/v2\/pages\/259\/revisions\/260"}],"up":[{"embeddable":true,"href":"https:\/\/enniscorthy1916.ie\/index.php?rest_route=\/wp\/v2\/pages\/248"}],"wp:attachment":[{"href":"https:\/\/enniscorthy1916.ie\/index.php?rest_route=%2Fwp%2Fv2%2Fmedia&parent=259"}],"curies":[{"name":"wp","href":"https:\/\/api.w.org\/{rel}","templated":true}]}}