{"id":248,"date":"2016-01-21T17:45:33","date_gmt":"2016-01-21T17:45:33","guid":{"rendered":"http:\/\/enniscorthy1916.ie\/?page_id=248"},"modified":"2016-04-01T10:26:56","modified_gmt":"2016-04-01T09:26:56","slug":"people-involved","status":"publish","type":"page","link":"https:\/\/enniscorthy1916.ie\/?page_id=248","title":{"rendered":"People &#038; Places"},"content":{"rendered":"<h2>People and Places involved in the 1916 Easter Rising in County Wexford<\/h2>\n<ul>\n<li><a href=\"http:\/\/enniscorthy1916.ie\/?page_id=255\">Seamus Rafter<\/a><\/li>\n<li><a href=\"http:\/\/enniscorthy1916.ie\/?page_id=257\">Seamus Doyle<\/a><\/li>\n<li><a href=\"http:\/\/enniscorthy1916.ie\/?page_id=259\">Se\u00e1n Etchingham<\/a><\/li>\n<li><a href=\"http:\/\/enniscorthy1916.ie\/?page_id=261\">Peter Paul Galligan<\/a><\/li>\n<li><a href=\"http:\/\/enniscorthy1916.ie\/?page_id=263\">Robert Brennan<\/a><\/li>\n<li><a href=\"http:\/\/enniscorthy1916.ie\/?page_id=265\">T.D. Sinnott<\/a><\/li>\n<li><a href=\"http:\/\/enniscorthy1916.ie\/?page_id=267\">Richard F. King<\/a><\/li>\n<li><a href=\"http:\/\/enniscorthy1916.ie\/?page_id=269\">Patrick (Pat) Keegan<\/a><\/li>\n<li><a href=\"http:\/\/enniscorthy1916.ie\/?page_id=271\">Se\u00e1n Sinnott<\/a><\/li>\n<li><a href=\"http:\/\/enniscorthy1916.ie\/?page_id=273\">Michael de Lacy<\/a><\/li>\n<li><a href=\"http:\/\/enniscorthy1916.ie\/?page_id=275\">Colonel French<\/a><\/li>\n<li><a href=\"http:\/\/enniscorthy1916.ie\/?page_id=277\">Una Brennan<\/a><\/li>\n<li><a href=\"http:\/\/enniscorthy1916.ie\/?page_id=279\">M\u00e1ire Moran<\/a><\/li>\n<li><a href=\"http:\/\/dave-williams.format.com\/rebelsistersfromtaghmon\">Gretta and Mai Williams<\/a><\/li>\n<li><a href=\"http:\/\/enniscorthy1916.ie\/wp-admin\/post.php?post=409&amp;action=edit\" target=\"_blank\">The Athenaeum<\/a><\/li>\n<\/ul>\n<h2>County Wexford people involved in the Rising elsewhere<\/h2>\n<ul>\n<li><a href=\"http:\/\/enniscorthy1916.ie\/?page_id=281\">Michael O\u2019Hanrahan<\/a><\/li>\n<li><a href=\"http:\/\/enniscorthy1916.ie\/?page_id=283\">Thomas Wafer<\/a><\/li>\n<li><a href=\"http:\/\/enniscorthy1916.ie\/?page_id=285\">W. J. Brennan-Whitmore<\/a><\/li>\n<li><a href=\"http:\/\/enniscorthy1916.ie\/?page_id=287\">Liam Mellows<\/a><\/li>\n<li><a href=\"http:\/\/enniscorthy1916.ie\/?page_id=289\">Min and Mary-Kate Ryan<\/a><\/li>\n<li><a href=\"http:\/\/enniscorthy1916.ie\/?page_id=291\">James Ryan<\/a><\/li>\n<li><a href=\"http:\/\/enniscorthy1916.ie\/?page_id=293\">M\u00e1ire Comerford<\/a><\/li>\n<\/ul>\n<a class=\"synved-social-button synved-social-button-share synved-social-size-48 synved-social-resolution-single synved-social-provider-facebook nolightbox\" data-provider=\"facebook\" target=\"_blank\" rel=\"nofollow\" title=\"Share on Facebook\" href=\"https:\/\/www.facebook.com\/sharer.php?u=https%3A%2F%2Fenniscorthy1916.ie%2Findex.php%3Frest_route%3D%252Fwp%252Fv2%252Fpages%252F248&#038;t=People%20%26%20Places&#038;s=100&#038;p&#091;url&#093;=https%3A%2F%2Fenniscorthy1916.ie%2Findex.php%3Frest_route%3D%252Fwp%252Fv2%252Fpages%252F248&#038;p&#091;images&#093;&#091;0&#093;=&#038;p&#091;title&#093;=People%20%26%20Places\" style=\"font-size: 0px;width:48px;height:48px;margin:0;margin-bottom:5px;margin-right:5px\"><img loading=\"lazy\" decoding=\"async\" alt=\"Facebook\" title=\"Share on Facebook\" class=\"synved-share-image synved-social-image synved-social-image-share\" width=\"48\" height=\"48\" style=\"display: inline;width:48px;height:48px;margin: 0;padding: 0;border: none;box-shadow: none\" src=\"https:\/\/enniscorthy1916.ie\/wp-content\/plugins\/social-media-feather\/synved-social\/image\/social\/regular\/96x96\/facebook.png\" \/><\/a><a class=\"synved-social-button synved-social-button-share synved-social-size-48 synved-social-resolution-single synved-social-provider-twitter nolightbox\" data-provider=\"twitter\" target=\"_blank\" rel=\"nofollow\" title=\"Share on Twitter\" href=\"https:\/\/twitter.com\/intent\/tweet?url=https%3A%2F%2Fenniscorthy1916.ie%2Findex.php%3Frest_route%3D%252Fwp%252Fv2%252Fpages%252F248&#038;text=Hey%20check%20this%20out\" style=\"font-size: 0px;width:48px;height:48px;margin:0;margin-bottom:5px;margin-right:5px\"><img loading=\"lazy\" decoding=\"async\" alt=\"twitter\" title=\"Share on Twitter\" class=\"synved-share-image synved-social-image synved-social-image-share\" width=\"48\" height=\"48\" style=\"display: inline;width:48px;height:48px;margin: 0;padding: 0;border: none;box-shadow: none\" src=\"https:\/\/enniscorthy1916.ie\/wp-content\/plugins\/social-media-feather\/synved-social\/image\/social\/regular\/96x96\/twitter.png\" \/><\/a><a class=\"synved-social-button synved-social-button-share synved-social-size-48 synved-social-resolution-single synved-social-provider-reddit nolightbox\" data-provider=\"reddit\" target=\"_blank\" rel=\"nofollow\" title=\"Share on Reddit\" href=\"https:\/\/www.reddit.com\/submit?url=https%3A%2F%2Fenniscorthy1916.ie%2Findex.php%3Frest_route%3D%252Fwp%252Fv2%252Fpages%252F248&#038;title=People%20%26%20Places\" style=\"font-size: 0px;width:48px;height:48px;margin:0;margin-bottom:5px;margin-right:5px\"><img loading=\"lazy\" decoding=\"async\" alt=\"reddit\" title=\"Share on Reddit\" class=\"synved-share-image synved-social-image synved-social-image-share\" width=\"48\" height=\"48\" style=\"display: inline;width:48px;height:48px;margin: 0;padding: 0;border: none;box-shadow: none\" src=\"https:\/\/enniscorthy1916.ie\/wp-content\/plugins\/social-media-feather\/synved-social\/image\/social\/regular\/96x96\/reddit.png\" \/><\/a><a class=\"synved-social-button synved-social-button-share synved-social-size-48 synved-social-resolution-single synved-social-provider-pinterest nolightbox\" data-provider=\"pinterest\" target=\"_blank\" rel=\"nofollow\" title=\"Pin it with Pinterest\" href=\"https:\/\/pinterest.com\/pin\/create\/button\/?url=https%3A%2F%2Fenniscorthy1916.ie%2Findex.php%3Frest_route%3D%252Fwp%252Fv2%252Fpages%252F248&#038;media=&#038;description=People%20%26%20Places\" style=\"font-size: 0px;width:48px;height:48px;margin:0;margin-bottom:5px;margin-right:5px\"><img loading=\"lazy\" decoding=\"async\" alt=\"pinterest\" title=\"Pin it with Pinterest\" class=\"synved-share-image synved-social-image synved-social-image-share\" width=\"48\" height=\"48\" style=\"display: inline;width:48px;height:48px;margin: 0;padding: 0;border: none;box-shadow: none\" src=\"https:\/\/enniscorthy1916.ie\/wp-content\/plugins\/social-media-feather\/synved-social\/image\/social\/regular\/96x96\/pinterest.png\" \/><\/a><a class=\"synved-social-button synved-social-button-share synved-social-size-48 synved-social-resolution-single synved-social-provider-linkedin nolightbox\" data-provider=\"linkedin\" target=\"_blank\" rel=\"nofollow\" title=\"Share on Linkedin\" href=\"https:\/\/www.linkedin.com\/shareArticle?mini=true&#038;url=https%3A%2F%2Fenniscorthy1916.ie%2Findex.php%3Frest_route%3D%252Fwp%252Fv2%252Fpages%252F248&#038;title=People%20%26%20Places\" style=\"font-size: 0px;width:48px;height:48px;margin:0;margin-bottom:5px;margin-right:5px\"><img loading=\"lazy\" decoding=\"async\" alt=\"linkedin\" title=\"Share on Linkedin\" class=\"synved-share-image synved-social-image synved-social-image-share\" width=\"48\" height=\"48\" style=\"display: inline;width:48px;height:48px;margin: 0;padding: 0;border: none;box-shadow: none\" src=\"https:\/\/enniscorthy1916.ie\/wp-content\/plugins\/social-media-feather\/synved-social\/image\/social\/regular\/96x96\/linkedin.png\" \/><\/a><a class=\"synved-social-button synved-social-button-share synved-social-size-48 synved-social-resolution-single synved-social-provider-mail nolightbox\" data-provider=\"mail\" rel=\"nofollow\" title=\"Share by email\" href=\"mailto:?subject=People%20%26%20Places&#038;body=Hey%20check%20this%20out:%20https%3A%2F%2Fenniscorthy1916.ie%2Findex.php%3Frest_route%3D%252Fwp%252Fv2%252Fpages%252F248\" style=\"font-size: 0px;width:48px;height:48px;margin:0;margin-bottom:5px\"><img loading=\"lazy\" decoding=\"async\" alt=\"mail\" title=\"Share by email\" class=\"synved-share-image synved-social-image synved-social-image-share\" width=\"48\" height=\"48\" style=\"display: inline;width:48px;height:48px;margin: 0;padding: 0;border: none;box-shadow: none\" src=\"https:\/\/enniscorthy1916.ie\/wp-content\/plugins\/social-media-feather\/synved-social\/image\/social\/regular\/96x96\/mail.png\" \/><\/a>","protected":false},"excerpt":{"rendered":"<p>People and Places involved in the 1916 Easter Rising in County Wexford Seamus Rafter Seamus Doyle Se\u00e1n Etchingham Peter Paul Galligan Robert Brennan T.D. Sinnott Richard F. King Patrick (Pat) Keegan Se\u00e1n Sinnott Michael de Lacy Colonel French Una Brennan M\u00e1ire Moran Gretta and Mai Williams The Athenaeum County Wexford people involved in the Rising &hellip; <a href=\"https:\/\/enniscorthy1916.ie\/?page_id=248\" class=\"more-link\">Continue reading <span class=\"screen-reader-text\">People &#038; Places<\/span><\/a><\/p>\n","protected":false},"author":1,"featured_media":0,"parent":0,"menu_order":4,"comment_status":"closed","ping_status":"closed","template":"","meta":{"footnotes":""},"class_list":["post-248","page","type-page","status-publish","hentry"],"_links":{"self":[{"href":"https:\/\/enniscorthy1916.ie\/index.php?rest_route=\/wp\/v2\/pages\/248","targetHints":{"allow":["GET"]}}],"collection":[{"href":"https:\/\/enniscorthy1916.ie\/index.php?rest_route=\/wp\/v2\/pages"}],"about":[{"href":"https:\/\/enniscorthy1916.ie\/index.php?rest_route=\/wp\/v2\/types\/page"}],"author":[{"embeddable":true,"href":"https:\/\/enniscorthy1916.ie\/index.php?rest_route=\/wp\/v2\/users\/1"}],"replies":[{"embeddable":true,"href":"https:\/\/enniscorthy1916.ie\/index.php?rest_route=%2Fwp%2Fv2%2Fcomments&post=248"}],"version-history":[{"count":5,"href":"https:\/\/enniscorthy1916.ie\/index.php?rest_route=\/wp\/v2\/pages\/248\/revisions"}],"predecessor-version":[{"id":741,"href":"https:\/\/enniscorthy1916.ie\/index.php?rest_route=\/wp\/v2\/pages\/248\/revisions\/741"}],"wp:attachment":[{"href":"https:\/\/enniscorthy1916.ie\/index.php?rest_route=%2Fwp%2Fv2%2Fmedia&parent=248"}],"curies":[{"name":"wp","href":"https:\/\/api.w.org\/{rel}","templated":true}]}}